{"id":12,"date":"2023-09-12T07:02:58","date_gmt":"2023-09-12T07:02:58","guid":{"rendered":"https:\/\/formation.linsys.lu\/?page_id=12"},"modified":"2026-02-26T11:09:08","modified_gmt":"2026-02-26T11:09:08","slug":"volet-1","status":"publish","type":"page","link":"https:\/\/formation.linsys.lu\/?page_id=12","title":{"rendered":"Volet 1"},"content":{"rendered":"<p>[et_pb_section fb_built=\u00a0\u00bb1&Prime; _builder_version=\u00a0\u00bb4.22.1&Prime; _module_preset=\u00a0\u00bbdefault\u00a0\u00bb background_image=\u00a0\u00bbhttps:\/\/formation.linsys.lu\/wp-content\/uploads\/2023\/09\/blockchain-7425608_1280.jpg\u00a0\u00bb custom_padding=\u00a0\u00bb||20px|||\u00a0\u00bb global_colors_info=\u00a0\u00bb{}\u00a0\u00bb][et_pb_row _builder_version=\u00a0\u00bb4.22.1&Prime; _module_preset=\u00a0\u00bbdefault\u00a0\u00bb custom_margin=\u00a0\u00bb-45px|auto||auto||\u00a0\u00bb custom_padding=\u00a0\u00bb||47px|||\u00a0\u00bb global_colors_info=\u00a0\u00bb{}\u00a0\u00bb][et_pb_column type=\u00a0\u00bb4_4&Prime; _builder_version=\u00a0\u00bb4.22.1&Prime; _module_preset=\u00a0\u00bbdefault\u00a0\u00bb global_colors_info=\u00a0\u00bb{}\u00a0\u00bb][et_pb_image src=\u00a0\u00bbhttps:\/\/formation.linsys.lu\/wp-content\/uploads\/2023\/09\/355d5492391209aa33927b674f63864e.png\u00a0\u00bb title_text=\u00a0\u00bb355d5492391209aa33927b674f63864e\u00a0\u00bb _builder_version=\u00a0\u00bb4.22.1&Prime; _module_preset=\u00a0\u00bbdefault\u00a0\u00bb width=\u00a0\u00bb25%\u00a0\u00bb module_alignment=\u00a0\u00bbcenter\u00a0\u00bb global_colors_info=\u00a0\u00bb{}\u00a0\u00bb][\/et_pb_image][et_pb_text _builder_version=\u00a0\u00bb4.22.1&Prime; _module_preset=\u00a0\u00bbdefault\u00a0\u00bb text_font=\u00a0\u00bbArial|600|||||||\u00a0\u00bb text_text_color=\u00a0\u00bb#FFFFFF\u00a0\u00bb text_font_size=\u00a0\u00bb23px\u00a0\u00bb text_orientation=\u00a0\u00bbcenter\u00a0\u00bb global_colors_info=\u00a0\u00bb{}\u00a0\u00bb]<\/p>\n<p>Volet 1 &#8211; Initiation en Comptabilit\u00e9 Informatis\u00e9e<\/p>\n<p>[\/et_pb_text][et_pb_text _builder_version=\u00a0\u00bb4.22.1&Prime; _module_preset=\u00a0\u00bbdefault\u00a0\u00bb text_font=\u00a0\u00bbArial||||||||\u00a0\u00bb text_text_color=\u00a0\u00bb#FFFFFF\u00a0\u00bb global_colors_info=\u00a0\u00bb{}\u00a0\u00bb]<\/p>\n<p>&#8211; Pr\u00e9sentation g\u00e9n\u00e9rale du logiciel<br \/>&#8211; Cr\u00e9ation d&rsquo;un dossier<br \/>&#8211; Cr\u00e9ation des clients, des fournisseurs et des comptes g\u00e9n\u00e9raux<br \/>&#8211; Encodage d&rsquo;une situation initiale<br \/>&#8211; Encodages (achats, ventes, financiers, op\u00e9rations diverses)<br \/>&#8211; Consultations et impressions<br \/>&#8211; G\u00e9n\u00e9rer la d\u00e9claration TVA<br \/>&#8211; Les comptes annuels<br \/>&#8211; Ouverture d&rsquo;une nouvelle ann\u00e9e et report \u00e0 nouveau<br \/>&#8211; Etude de cas et exercices pratiques<\/p>\n<p>[\/et_pb_text][et_pb_text _builder_version=\u00a0\u00bb4.22.1&Prime; _module_preset=\u00a0\u00bbdefault\u00a0\u00bb text_font=\u00a0\u00bbArial|600|||||||\u00a0\u00bb text_text_color=\u00a0\u00bb#FFFFFF\u00a0\u00bb text_font_size=\u00a0\u00bb17px\u00a0\u00bb text_orientation=\u00a0\u00bbcenter\u00a0\u00bb hover_enabled=\u00a0\u00bb0&Prime; global_colors_info=\u00a0\u00bb{}\u00a0\u00bb sticky_enabled=\u00a0\u00bb0&Prime;]<\/p>\n<p>Le mercredi 22 et le jeudi 23 avril 2026 de 09h30 \u00e0 12h30 et de 13h30 \u00e0 16h30 *<\/p>\n<p>[\/et_pb_text][et_pb_text _builder_version=\u00a0\u00bb4.22.1&Prime; _module_preset=\u00a0\u00bbdefault\u00a0\u00bb text_font=\u00a0\u00bbArial||||||||\u00a0\u00bb text_text_color=\u00a0\u00bb#FFFFFF\u00a0\u00bb global_colors_info=\u00a0\u00bb{}\u00a0\u00bb]<\/p>\n<p>*Client sous contrat : 450,00 \u20ac TTC TVA de 3% &#8211; Client sans contrat : 656,00 \u20ac TTC TVA de 3% (repas offerts) <\/p>\n<p>[\/et_pb_text][et_pb_button button_url=\u00a0\u00bbhttps:\/\/formation.linsys.lu\/\u00a0\u00bb url_new_window=\u00a0\u00bbon\u00a0\u00bb button_text=\u00a0\u00bbJe m&rsquo;inscris\u00a0\u00bb button_alignment=\u00a0\u00bbcenter\u00a0\u00bb _builder_version=\u00a0\u00bb4.22.1&Prime; _module_preset=\u00a0\u00bbdefault\u00a0\u00bb custom_button=\u00a0\u00bbon\u00a0\u00bb button_text_size=\u00a0\u00bb24px\u00a0\u00bb button_text_color=\u00a0\u00bb#FFFFFF\u00a0\u00bb button_bg_color=\u00a0\u00bb#1A0052&Prime; button_border_width=\u00a0\u00bb0px\u00a0\u00bb button_border_color=\u00a0\u00bb#1A0052&Prime; button_border_radius=\u00a0\u00bb16px\u00a0\u00bb button_font=\u00a0\u00bbArial|700|||||||\u00a0\u00bb button_icon=\u00a0\u00bb&#x41;||divi||400&Prime; button_icon_color=\u00a0\u00bb#FFFFFF\u00a0\u00bb global_colors_info=\u00a0\u00bb{}\u00a0\u00bb][\/et_pb_button][et_pb_text _builder_version=\u00a0\u00bb4.22.1&Prime; _module_preset=\u00a0\u00bbdefault\u00a0\u00bb text_font=\u00a0\u00bbArial||||||||\u00a0\u00bb text_text_color=\u00a0\u00bb#FFFFFF\u00a0\u00bb global_colors_info=\u00a0\u00bb{}\u00a0\u00bb]<\/p>\n<p>Chaque participant aura \u00e0 sa disposition une station de travail individuelle. Ces formations auront lieu en nos locaux. Nombre de places limit\u00e9es. <br \/>Une facture vous sera envoy\u00e9e d\u00e8s la cl\u00f4ture des inscriptions et votre paiement servira de confirmation.<\/p>\n<p>[\/et_pb_text][\/et_pb_column][\/et_pb_row][et_pb_row column_structure=\u00a0\u00bb1_2,1_2&Prime; _builder_version=\u00a0\u00bb4.22.1&Prime; _module_preset=\u00a0\u00bbdefault\u00a0\u00bb width=\u00a0\u00bb30%\u00a0\u00bb global_colors_info=\u00a0\u00bb{}\u00a0\u00bb][et_pb_column type=\u00a0\u00bb1_2&Prime; _builder_version=\u00a0\u00bb4.22.1&Prime; _module_preset=\u00a0\u00bbdefault\u00a0\u00bb global_colors_info=\u00a0\u00bb{}\u00a0\u00bb][et_pb_image src=\u00a0\u00bbhttps:\/\/formation.linsys.lu\/wp-content\/uploads\/2023\/09\/facebook-32-c.png\u00a0\u00bb title_text=\u00a0\u00bbfacebook-32-c\u00a0\u00bb url=\u00a0\u00bbhttps:\/\/www.facebook.com\/linsys.lu\/\u00a0\u00bb url_new_window=\u00a0\u00bbon\u00a0\u00bb align=\u00a0\u00bbcenter\u00a0\u00bb _builder_version=\u00a0\u00bb4.22.1&Prime; _module_preset=\u00a0\u00bbdefault\u00a0\u00bb global_colors_info=\u00a0\u00bb{}\u00a0\u00bb][\/et_pb_image][\/et_pb_column][et_pb_column type=\u00a0\u00bb1_2&Prime; _builder_version=\u00a0\u00bb4.22.1&Prime; _module_preset=\u00a0\u00bbdefault\u00a0\u00bb global_colors_info=\u00a0\u00bb{}\u00a0\u00bb][et_pb_image src=\u00a0\u00bbhttps:\/\/formation.linsys.lu\/wp-content\/uploads\/2023\/09\/linkedin-32-c.png\u00a0\u00bb title_text=\u00a0\u00bblinkedin-32-c\u00a0\u00bb url=\u00a0\u00bbhttps:\/\/lu.linkedin.com\/company\/linsys-sa\u00a0\u00bb url_new_window=\u00a0\u00bbon\u00a0\u00bb align=\u00a0\u00bbcenter\u00a0\u00bb _builder_version=\u00a0\u00bb4.22.1&Prime; _module_preset=\u00a0\u00bbdefault\u00a0\u00bb global_colors_info=\u00a0\u00bb{}\u00a0\u00bb][\/et_pb_image][\/et_pb_column][\/et_pb_row][et_pb_row _builder_version=\u00a0\u00bb4.22.1&Prime; _module_preset=\u00a0\u00bbdefault\u00a0\u00bb global_colors_info=\u00a0\u00bb{}\u00a0\u00bb][et_pb_column type=\u00a0\u00bb4_4&Prime; _builder_version=\u00a0\u00bb4.22.1&Prime; _module_preset=\u00a0\u00bbdefault\u00a0\u00bb global_colors_info=\u00a0\u00bb{}\u00a0\u00bb][et_pb_text _builder_version=\u00a0\u00bb4.22.1&Prime; _module_preset=\u00a0\u00bbdefault\u00a0\u00bb text_font=\u00a0\u00bbArial||||||||\u00a0\u00bb text_text_color=\u00a0\u00bb#FFFFFF\u00a0\u00bb global_colors_info=\u00a0\u00bb{}\u00a0\u00bb]<\/p>\n<p>Linsys SA \u2014 Zare Est N\u00b09 L-4385 Ehlerange \u2014 Tel : 26 17 47 66 \u2014 bobservice@linsys.lu \u2014 voir notre site<\/p>\n<p>[\/et_pb_text][\/et_pb_column][\/et_pb_row][\/et_pb_section]<\/p>\n","protected":false},"excerpt":{"rendered":"<p>Volet 1 &#8211; Initiation en Comptabilit\u00e9 Informatis\u00e9e- Pr\u00e9sentation g\u00e9n\u00e9rale du logiciel- Cr\u00e9ation d&rsquo;un dossier- Cr\u00e9ation des clients, des fournisseurs et des comptes g\u00e9n\u00e9raux- Encodage d&rsquo;une situation initiale- Encodages (achats, ventes, financiers, op\u00e9rations diverses)- Consultations et impressions- G\u00e9n\u00e9rer la d\u00e9claration TVA- Les comptes annuels- Ouverture d&rsquo;une nouvelle ann\u00e9e et report \u00e0 nouveau- Etude de cas et [&hellip;]<\/p>\n","protected":false},"author":1,"featured_media":0,"parent":0,"menu_order":0,"comment_status":"closed","ping_status":"closed","template":"","meta":{"_et_pb_use_builder":"on","_et_pb_old_content":"","_et_gb_content_width":"","footnotes":""},"_links":{"self":[{"href":"https:\/\/formation.linsys.lu\/index.php?rest_route=\/wp\/v2\/pages\/12"}],"collection":[{"href":"https:\/\/formation.linsys.lu\/index.php?rest_route=\/wp\/v2\/pages"}],"about":[{"href":"https:\/\/formation.linsys.lu\/index.php?rest_route=\/wp\/v2\/types\/page"}],"author":[{"embeddable":true,"href":"https:\/\/formation.linsys.lu\/index.php?rest_route=\/wp\/v2\/users\/1"}],"replies":[{"embeddable":true,"href":"https:\/\/formation.linsys.lu\/index.php?rest_route=%2Fwp%2Fv2%2Fcomments&post=12"}],"version-history":[{"count":20,"href":"https:\/\/formation.linsys.lu\/index.php?rest_route=\/wp\/v2\/pages\/12\/revisions"}],"predecessor-version":[{"id":216,"href":"https:\/\/formation.linsys.lu\/index.php?rest_route=\/wp\/v2\/pages\/12\/revisions\/216"}],"wp:attachment":[{"href":"https:\/\/formation.linsys.lu\/index.php?rest_route=%2Fwp%2Fv2%2Fmedia&parent=12"}],"curies":[{"name":"wp","href":"https:\/\/api.w.org\/{rel}","templated":true}]}}